{"id":2898,"date":"2023-05-13T18:26:46","date_gmt":"2023-05-13T16:26:46","guid":{"rendered":"https:\/\/labo-maths.blog.ac-lyon.fr\/wordpress\/?page_id=2898"},"modified":"2026-03-23T16:46:59","modified_gmt":"2026-03-23T15:46:59","slug":"2898-2","status":"publish","type":"page","link":"https:\/\/labo-maths.blog.ac-lyon.fr\/wordpress\/","title":{"rendered":""},"content":{"rendered":"\n<center><iframe loading=\"lazy\" title=\"Presentation LaboMaths Calas\" width=\"560\" height=\"315\" src=\"https:\/\/tube-cycle-3.apps.education.fr\/videos\/embed\/6Lqw9HAjqGutrpPTC1WLEy\" style=\"border: 0px;\" allow=\"fullscreen\" sandbox=\"allow-same-origin allow-scripts allow-popups allow-forms\"><\/iframe><\/center>\n\n\n\n<p class=\"has-text-align-center\">&gt;&gt; <a href=\"https:\/\/labo-maths.blog.ac-lyon.fr\/wordpress\/280-2\/\" data-type=\"page\" data-id=\"280\">Article avec une pr\u00e9sentation d\u00e9taill\u00e9e<\/a> &gt;&gt;<\/p>\n","protected":false},"excerpt":{"rendered":"<p>&gt;&gt; Article avec une pr\u00e9sentation d\u00e9taill\u00e9e &gt;&gt;<\/p>\n","protected":false},"author":7,"featured_media":0,"parent":0,"menu_order":0,"comment_status":"closed","ping_status":"closed","template":"","meta":{"footnotes":""},"class_list":["post-2898","page","type-page","status-publish","hentry"],"_links":{"self":[{"href":"https:\/\/labo-maths.blog.ac-lyon.fr\/wordpress\/wp-json\/wp\/v2\/pages\/2898","targetHints":{"allow":["GET"]}}],"collection":[{"href":"https:\/\/labo-maths.blog.ac-lyon.fr\/wordpress\/wp-json\/wp\/v2\/pages"}],"about":[{"href":"https:\/\/labo-maths.blog.ac-lyon.fr\/wordpress\/wp-json\/wp\/v2\/types\/page"}],"author":[{"embeddable":true,"href":"https:\/\/labo-maths.blog.ac-lyon.fr\/wordpress\/wp-json\/wp\/v2\/users\/7"}],"replies":[{"embeddable":true,"href":"https:\/\/labo-maths.blog.ac-lyon.fr\/wordpress\/wp-json\/wp\/v2\/comments?post=2898"}],"version-history":[{"count":4,"href":"https:\/\/labo-maths.blog.ac-lyon.fr\/wordpress\/wp-json\/wp\/v2\/pages\/2898\/revisions"}],"predecessor-version":[{"id":3376,"href":"https:\/\/labo-maths.blog.ac-lyon.fr\/wordpress\/wp-json\/wp\/v2\/pages\/2898\/revisions\/3376"}],"wp:attachment":[{"href":"https:\/\/labo-maths.blog.ac-lyon.fr\/wordpress\/wp-json\/wp\/v2\/media?parent=2898"}],"curies":[{"name":"wp","href":"https:\/\/api.w.org\/{rel}","templated":true}]}}